{"id":37,"date":"2017-06-13T16:23:54","date_gmt":"2017-06-13T16:23:54","guid":{"rendered":"http:\/\/ferienwohnungen-kolbinger.de\/?page_id=37"},"modified":"2017-12-28T11:45:35","modified_gmt":"2017-12-28T11:45:35","slug":"unser-haus","status":"publish","type":"page","link":"http:\/\/ferienwohnungen-kolbinger.de\/?page_id=37","title":{"rendered":"Unser Haus"},"content":{"rendered":"<div>\n<table style=\"width: 967px; height: 397px;\">\n<tbody>\n<tr>\n<td style=\"width: 371.75px;\">\n<h3><img decoding=\"async\" loading=\"lazy\" class=\"wp-image-251 aligncenter\" src=\"http:\/\/ferienwohnungen-kolbinger.de\/wp-content\/uploads\/2017\/12\/scroll-heart-ornaments-18110221-300x39.jpg\" alt=\"\" width=\"263\" height=\"34\" srcset=\"http:\/\/ferienwohnungen-kolbinger.de\/wp-content\/uploads\/2017\/12\/scroll-heart-ornaments-18110221-300x39.jpg 300w, http:\/\/ferienwohnungen-kolbinger.de\/wp-content\/uploads\/2017\/12\/scroll-heart-ornaments-18110221-768x99.jpg 768w, http:\/\/ferienwohnungen-kolbinger.de\/wp-content\/uploads\/2017\/12\/scroll-heart-ornaments-18110221.jpg 796w\" sizes=\"(max-width: 263px) 100vw, 263px\" \/><\/h3>\n<div class=\"textlinks\" style=\"text-align: left;\"><span style=\"font-family: georgia, palatino, serif; font-size: 14pt;\">Unser Ferienhaus liegt in sonniger, ruhiger und doch zentraler Lage nur\u00a05 Gehminuten vom Golfplatz <\/span><span style=\"font-family: georgia, palatino, serif; font-size: 14pt;\">und von der Dorfmitte entfernt.\u00a0<\/span><\/div>\n<div class=\"textlinks\" style=\"text-align: left;\"><span style=\"font-family: georgia, palatino, serif; font-size: 14pt;\">Viele Rad- und Wanderwege\u00a0beginnen in unmittelbarer\u00a0N\u00e4he.\u00a0<span class=\"textlinks\">In die Langlaufloipe k\u00f6nnen Sie direkt am Haus einsteigen.\u00a0<\/span>Im Sommer laden viele nahegelegene Seen zum Baden ein.\u00a0Unterstellplatz f\u00fcr Fahrr\u00e4der, Motorr\u00e4der, Ski und Rodel.<\/span><\/div>\n<\/td>\n<td style=\"width: 577.25px;\">\n<div>\u00a0\u00a0\u00a0 <\/div>\n<\/td>\n<\/tr>\n<\/tbody>\n<\/table>\n<\/div>\n<div class=\"textlinks\" style=\"text-align: left;\"><span style=\"font-size: 14pt;\">\u00a0<\/span><\/div>\n<div class=\"textlinks\" style=\"text-align: left;\"><span style=\"font-size: 14pt;\"><span style=\"font-family: georgia, palatino, serif;\">Verbringen Sie zu jeder Jahreszeit erholsame Urlaubstage in\u00a0 unseren gem\u00fctlichen und liebevoll im bayerischen Stil eingerichteten Ferienwohnungen.<\/span><\/span><\/div>\n<div style=\"text-align: left;\"><span style=\"font-size: 14pt;\">\u00a0<\/span><\/div>\n<div style=\"text-align: left;\"><span style=\"font-size: 14pt;\"><span style=\"font-family: georgia, palatino, serif;\">Wir freuen uns auf Ihre Anfrage und heissen Sie gerne in Wallgau willkommen.<\/span><\/span><\/div>\n<div style=\"text-align: left;\"><span style=\"font-size: 14pt;\"><strong>\u00a0<\/strong><\/span><\/div>\n<div style=\"text-align: left;\"><span style=\"font-size: 14pt;\"><strong><span style=\"font-family: georgia, palatino, serif;\">Ihre Familie Kolbinger<\/span><\/strong><\/span><\/div>\n<div class=\"textlinks\" style=\"text-align: justify;\"><span style=\"color: #000000; font-size: 14pt;\">\u00a0<\/span><\/div>\n","protected":false},"excerpt":{"rendered":"<p>Unser Ferienhaus liegt in sonniger, ruhiger und doch zentraler Lage nur\u00a05 Gehminuten vom Golfplatz und von der Dorfmitte entfernt.\u00a0 Viele Rad- und Wanderwege\u00a0beginnen in unmittelbarer\u00a0N\u00e4he.\u00a0In die Langlaufloipe k\u00f6nnen Sie direkt am Haus einsteigen.\u00a0Im Sommer laden viele nahegelegene Seen zum Baden ein.\u00a0Unterstellplatz f\u00fcr Fahrr\u00e4der, Motorr\u00e4der, Ski und Rodel. \u00a0\u00a0\u00a0 \u00a0 Verbringen Sie zu jeder Jahreszeit erholsame [&hellip;]<\/p>\n","protected":false},"author":1,"featured_media":0,"parent":0,"menu_order":0,"comment_status":"closed","ping_status":"closed","template":"","meta":[],"_links":{"self":[{"href":"http:\/\/ferienwohnungen-kolbinger.de\/index.php?rest_route=\/wp\/v2\/pages\/37"}],"collection":[{"href":"http:\/\/ferienwohnungen-kolbinger.de\/index.php?rest_route=\/wp\/v2\/pages"}],"about":[{"href":"http:\/\/ferienwohnungen-kolbinger.de\/index.php?rest_route=\/wp\/v2\/types\/page"}],"author":[{"embeddable":true,"href":"http:\/\/ferienwohnungen-kolbinger.de\/index.php?rest_route=\/wp\/v2\/users\/1"}],"replies":[{"embeddable":true,"href":"http:\/\/ferienwohnungen-kolbinger.de\/index.php?rest_route=%2Fwp%2Fv2%2Fcomments&post=37"}],"version-history":[{"count":22,"href":"http:\/\/ferienwohnungen-kolbinger.de\/index.php?rest_route=\/wp\/v2\/pages\/37\/revisions"}],"predecessor-version":[{"id":275,"href":"http:\/\/ferienwohnungen-kolbinger.de\/index.php?rest_route=\/wp\/v2\/pages\/37\/revisions\/275"}],"wp:attachment":[{"href":"http:\/\/ferienwohnungen-kolbinger.de\/index.php?rest_route=%2Fwp%2Fv2%2Fmedia&parent=37"}],"curies":[{"name":"wp","href":"https:\/\/api.w.org\/{rel}","templated":true}]}}