{"id":33,"date":"2017-06-13T13:52:39","date_gmt":"2017-06-13T13:52:39","guid":{"rendered":"http:\/\/ferienwohnungen-kolbinger.de\/?page_id=33"},"modified":"2018-09-03T11:23:12","modified_gmt":"2018-09-03T11:23:12","slug":"buchungsanfrage","status":"publish","type":"page","link":"http:\/\/ferienwohnungen-kolbinger.de\/?page_id=33","title":{"rendered":"Buchungsanfrage"},"content":{"rendered":"<p>Hier k\u00f6nnen Sie eine unverbindliche Buchungsanfrage erstellen.<\/p>\n<p>Wir bem\u00fchen uns Ihr Anfrage so schnell wie m\u00f6glich zu bearbeiten.<\/p>\n<div id=\"vfb-form-1\" class=\"visual-form-builder-container\"><form id=\"buchungsanfrage-1\" class=\"visual-form-builder vfb-form-1  left-label\" method=\"post\" enctype=\"multipart\/form-data\">\n\t  \t<input type=\"hidden\" name=\"form_id\" value=\"1\" \/><fieldset class=\"vfb-fieldset vfb-fieldset-1 buchungsanfrage \" id=\"item-vfb-1\"><div class=\"vfb-legend\"><h3>Buchungsanfrage<\/h3><\/div><ul class=\"vfb-section vfb-section-1\"><li class=\"vfb-item vfb-item-text  \" id=\"item-vfb-5\"><label for=\"vfb-5\" class=\"vfb-desc\">Name  <span class=\"vfb-required-asterisk\">*<\/span><\/label><input type=\"text\" name=\"vfb-5\" id=\"vfb-5\" value=\"\" class=\"vfb-text  vfb-medium  required  \" \/><\/li><li class=\"vfb-item vfb-item-text  \" id=\"item-vfb-6\"><label for=\"vfb-6\" class=\"vfb-desc\">Vorname  <span class=\"vfb-required-asterisk\">*<\/span><\/label><input type=\"text\" name=\"vfb-6\" id=\"vfb-6\" value=\"\" class=\"vfb-text  vfb-medium  required  \" \/><\/li><li class=\"vfb-item vfb-item-text  \" id=\"item-vfb-7\"><label for=\"vfb-7\" class=\"vfb-desc\">Stra\u00dfe und Hausnummer  <span class=\"vfb-required-asterisk\">*<\/span><\/label><input type=\"text\" name=\"vfb-7\" id=\"vfb-7\" value=\"\" class=\"vfb-text  vfb-medium  required  \" \/><\/li><li class=\"vfb-item vfb-item-text  \" id=\"item-vfb-8\"><label for=\"vfb-8\" class=\"vfb-desc\">PLZ  <span class=\"vfb-required-asterisk\">*<\/span><\/label><input type=\"text\" name=\"vfb-8\" id=\"vfb-8\" value=\"\" class=\"vfb-text  vfb-medium  required  \" \/><\/li><li class=\"vfb-item vfb-item-text  \" id=\"item-vfb-9\"><label for=\"vfb-9\" class=\"vfb-desc\">Ort  <span class=\"vfb-required-asterisk\">*<\/span><\/label><input type=\"text\" name=\"vfb-9\" id=\"vfb-9\" value=\"\" class=\"vfb-text  vfb-medium  required  \" \/><\/li><li class=\"vfb-item vfb-item-text  \" id=\"item-vfb-10\"><label for=\"vfb-10\" class=\"vfb-desc\">Email  <span class=\"vfb-required-asterisk\">*<\/span><\/label><input type=\"text\" name=\"vfb-10\" id=\"vfb-10\" value=\"\" class=\"vfb-text  vfb-medium  required  email \" \/><\/li><li class=\"vfb-item vfb-item-text  \" id=\"item-vfb-11\"><label for=\"vfb-11\" class=\"vfb-desc\">Telefon  <span class=\"vfb-required-asterisk\">*<\/span><\/label><input type=\"text\" name=\"vfb-11\" id=\"vfb-11\" value=\"\" class=\"vfb-text  vfb-medium  required  phone \" \/><\/li><li class=\"vfb-item vfb-item-text  \" id=\"item-vfb-13\"><label for=\"vfb-13\" class=\"vfb-desc\">Anzahl Personen  <span class=\"vfb-required-asterisk\">*<\/span><\/label><input type=\"text\" name=\"vfb-13\" id=\"vfb-13\" value=\"\" class=\"vfb-text  vfb-small  required  number \" \/><\/li><li class=\"vfb-item vfb-item-date  \" id=\"item-vfb-14\"><label for=\"vfb-14\" class=\"vfb-desc\">Anreisedatum  <span class=\"vfb-required-asterisk\">*<\/span><\/label><input type=\"text\" name=\"vfb-14\" id=\"vfb-14\" value=\"\" class=\"vfb-text vfb-date-picker  vfb-medium  required \" data-dp-dateFormat=\"dd\/mm\/yy\" \/><\/li><li class=\"vfb-item vfb-item-date  \" id=\"item-vfb-16\"><label for=\"vfb-16\" class=\"vfb-desc\">Abreisedatum  <span class=\"vfb-required-asterisk\">*<\/span><\/label><input type=\"text\" name=\"vfb-16\" id=\"vfb-16\" value=\"\" class=\"vfb-text vfb-date-picker  vfb-medium  required \" data-dp-dateFormat=\"dd\/mm\/yy\" \/><\/li><li class=\"vfb-item vfb-item-textarea  \" id=\"item-vfb-17\"><label for=\"vfb-17\" class=\"vfb-desc\">Bemerkung <\/label><div><textarea name=\"vfb-17\" id=\"vfb-17\" class=\"vfb-textarea  vfb-medium  \"><\/textarea><\/div><\/li><li class=\"vfb-item vfb-item-checkbox  \" id=\"item-vfb-18\"><label class=\"vfb-desc\">Best\u00e4tigung  <span class=\"vfb-required-asterisk\">*<\/span><\/label><div><span class=\"vfb-span\"><input type=\"checkbox\" name=\"vfb-18[]\" id=\"vfb-18-0\" value=\"Hiermit akzeptiere ich die Datenschutzbestimmungen und best\u00e4tige, dass meine Daten zu Anfrage und zur Auftragsabwicklung verwendet werden d\u00fcrfen.\" class=\"vfb-checkbox  required \" \/><label for=\"vfb-18-0\" class=\"vfb-choice\">Hiermit akzeptiere ich die Datenschutzbestimmungen und best\u00e4tige, dass meine Daten zu Anfrage und zur Auftragsabwicklung verwendet werden d\u00fcrfen.<\/label><\/span><div style=\"clear:both\"><\/div><\/div><\/li><\/ul>&nbsp;<\/fieldset><fieldset class=\"vfb-fieldset vfb-fieldset-2 verification \" id=\"item-vfb-2\" style=\"display:block\"><div class=\"vfb-legend\"><h3>Verification<\/h3><\/div><ul class=\"vfb-section vfb-section-2\"><li class=\"vfb-item vfb-item-secret\"  style=\"display:block\"><label for=\"vfb-3\" class=\"vfb-desc\">Bitte geben Sie zwei Zahlen ein: <span class=\"vfb-required-asterisk\">*<\/span><\/label><input type=\"hidden\" name=\"_vfb-secret\" value=\"vfb-3\" \/><span class=\"vfb-span\"><input type=\"text\" name=\"vfb-3\" id=\"vfb-3\" value=\"\" class=\"vfb-text  vfb-medium  required {digits:true,maxlength:2,minlength:2} \" style=\"display:block\" \/><label>Example: 12<\/label><\/span><li style=\"display:none;\"><label>This box is for spam protection - &lt;strong&gt;please leave it blank&lt;\/strong&gt;:<\/label><div><input name=\"vfb-spam\" \/><\/div><\/li>\n\t\t\t<li class=\"vfb-item vfb-item-submit\" id=\"item-vfb-4\">\n\t\t\t\t<input type=\"submit\" name=\"vfb-submit\" id=\"vfb-4\" value=\"Submit\" class=\"vfb-submit \" \/>\n\t\t\t\t<\/li><\/ul>\n\t\t\t<\/fieldset><input type=\"hidden\" name=\"_wp_http_referer\" value=\"\/index.php?rest_route=%2Fwp%2Fv2%2Fpages%2F33\" \/><\/form><\/div> <!-- .visual-form-builder-container -->\n","protected":false},"excerpt":{"rendered":"<p>Hier k\u00f6nnen Sie eine unverbindliche Buchungsanfrage erstellen. Wir bem\u00fchen uns Ihr Anfrage so schnell wie m\u00f6glich zu bearbeiten.<\/p>\n","protected":false},"author":1,"featured_media":0,"parent":0,"menu_order":0,"comment_status":"closed","ping_status":"closed","template":"","meta":[],"_links":{"self":[{"href":"http:\/\/ferienwohnungen-kolbinger.de\/index.php?rest_route=\/wp\/v2\/pages\/33"}],"collection":[{"href":"http:\/\/ferienwohnungen-kolbinger.de\/index.php?rest_route=\/wp\/v2\/pages"}],"about":[{"href":"http:\/\/ferienwohnungen-kolbinger.de\/index.php?rest_route=\/wp\/v2\/types\/page"}],"author":[{"embeddable":true,"href":"http:\/\/ferienwohnungen-kolbinger.de\/index.php?rest_route=\/wp\/v2\/users\/1"}],"replies":[{"embeddable":true,"href":"http:\/\/ferienwohnungen-kolbinger.de\/index.php?rest_route=%2Fwp%2Fv2%2Fcomments&post=33"}],"version-history":[{"count":5,"href":"http:\/\/ferienwohnungen-kolbinger.de\/index.php?rest_route=\/wp\/v2\/pages\/33\/revisions"}],"predecessor-version":[{"id":335,"href":"http:\/\/ferienwohnungen-kolbinger.de\/index.php?rest_route=\/wp\/v2\/pages\/33\/revisions\/335"}],"wp:attachment":[{"href":"http:\/\/ferienwohnungen-kolbinger.de\/index.php?rest_route=%2Fwp%2Fv2%2Fmedia&parent=33"}],"curies":[{"name":"wp","href":"https:\/\/api.w.org\/{rel}","templated":true}]}}