{"id":10,"date":"2017-06-13T09:03:37","date_gmt":"2017-06-13T09:03:37","guid":{"rendered":"http:\/\/ferienwohnungen-kolbinger.de\/?page_id=10"},"modified":"2021-09-09T06:59:49","modified_gmt":"2021-09-09T06:59:49","slug":"startseite","status":"publish","type":"page","link":"http:\/\/ferienwohnungen-kolbinger.de\/","title":{"rendered":"Startseite"},"content":{"rendered":"<div><\/div>\n<div><\/div>\n<div><\/div>\n<div id=\"Layer2\" class=\"textlinks\" style=\"text-align: justify;\"><span style=\"color: #000000;\"><span style=\"font-size: 18pt;\"><strong>I<\/strong><\/span><span style=\"font-size: 14pt;\">m sch\u00f6nen Isartal steht unser mit Liebe f\u00fcr unsere G\u00e4ste eingerichtetes<\/span><\/span><br \/>\n<span style=\"color: #000000; font-size: 14pt;\"> Ferienhaus an einem Ort,\u00a0an dem man Ruhe und Erholung findet.<\/span><\/div>\n<div id=\"Layer3\" class=\"textlinks\" style=\"text-align: justify;\"><span style=\"color: #000000; font-size: 14pt;\">Verbringen Sie zu jeder Jahreszeit erholsame Urlaubstage in unseren gem\u00fctlich im bayerischen Stil eingerichteten Fewo&#8217;s.<\/span><\/div>\n<div id=\"Layer6\" class=\"textlinks\" style=\"text-align: justify;\"><span style=\"color: #000000; font-size: 14pt;\">Dank der zentralen Lage Wallgaus sind viele Sehensw\u00fcrdigkeiten Bayerns, Tirols und S\u00fcdtirols in kurzer Zeit zu erreichen.<\/span><\/div>\n<div style=\"text-align: justify;\"><span style=\"color: #000000; font-size: 14pt;\">\u00a0<\/span><\/div>\n<div id=\"Layer4\" class=\"textlinks\" style=\"text-align: justify;\"><span style=\"color: #000000; font-size: 14pt;\">Wir freuen uns auf Ihre Anfrage und w\u00fcrden Sie gerne bei uns willkommen hei\u00dfen!<\/span><\/div>\n<div><span style=\"font-size: 14pt;\">\u00a0<\/span><\/div>\n<div><span style=\"font-size: 14pt;\"><strong>Ihre Familie Kolbinger<\/strong><\/span><\/div>\n","protected":false},"excerpt":{"rendered":"<p>Im sch\u00f6nen Isartal steht unser mit Liebe f\u00fcr unsere G\u00e4ste eingerichtetes Ferienhaus an einem Ort,\u00a0an dem man Ruhe und Erholung findet. Verbringen Sie zu jeder Jahreszeit erholsame Urlaubstage in unseren gem\u00fctlich im bayerischen Stil eingerichteten Fewo&#8217;s. Dank der zentralen Lage Wallgaus sind viele Sehensw\u00fcrdigkeiten Bayerns, Tirols und S\u00fcdtirols in kurzer Zeit zu erreichen. \u00a0 Wir [&hellip;]<\/p>\n","protected":false},"author":1,"featured_media":0,"parent":0,"menu_order":0,"comment_status":"closed","ping_status":"closed","template":"","meta":[],"_links":{"self":[{"href":"http:\/\/ferienwohnungen-kolbinger.de\/index.php?rest_route=\/wp\/v2\/pages\/10"}],"collection":[{"href":"http:\/\/ferienwohnungen-kolbinger.de\/index.php?rest_route=\/wp\/v2\/pages"}],"about":[{"href":"http:\/\/ferienwohnungen-kolbinger.de\/index.php?rest_route=\/wp\/v2\/types\/page"}],"author":[{"embeddable":true,"href":"http:\/\/ferienwohnungen-kolbinger.de\/index.php?rest_route=\/wp\/v2\/users\/1"}],"replies":[{"embeddable":true,"href":"http:\/\/ferienwohnungen-kolbinger.de\/index.php?rest_route=%2Fwp%2Fv2%2Fcomments&post=10"}],"version-history":[{"count":6,"href":"http:\/\/ferienwohnungen-kolbinger.de\/index.php?rest_route=\/wp\/v2\/pages\/10\/revisions"}],"predecessor-version":[{"id":410,"href":"http:\/\/ferienwohnungen-kolbinger.de\/index.php?rest_route=\/wp\/v2\/pages\/10\/revisions\/410"}],"wp:attachment":[{"href":"http:\/\/ferienwohnungen-kolbinger.de\/index.php?rest_route=%2Fwp%2Fv2%2Fmedia&parent=10"}],"curies":[{"name":"wp","href":"https:\/\/api.w.org\/{rel}","templated":true}]}}